{"id":292,"date":"2017-07-04T18:13:17","date_gmt":"2017-07-04T16:13:17","guid":{"rendered":"http:\/\/www.la-javerniere.fr\/?page_id=292"},"modified":"2023-07-28T18:49:08","modified_gmt":"2023-07-28T16:49:08","slug":"bandeau-accueil","status":"publish","type":"page","link":"https:\/\/www.la-javerniere.fr\/index.php\/bandeau-accueil\/","title":{"rendered":"Bandeau accueil"},"content":{"rendered":"<p>\u00c0 Villi\u00e9-Morgon, un des grands crus du Beaujolais, le Domaine Morgon la Javerni\u00e8re,<\/br> demeure du 18<sup>e<\/sup> si\u00e8cle, id\u00e9alement situ\u00e9e au sud de la Bourgogne entre M\u00e2con et Lyon, <\/br>vous accueille pour tous vos \u00e9v\u00e9nements.<\/p>\n","protected":false},"excerpt":{"rendered":"<p>\u00c0 Villi\u00e9-Morgon, un des grands crus du Beaujolais, le Domaine Morgon la Javerni\u00e8re, demeure du 18e si\u00e8cle, id\u00e9alement situ\u00e9e au sud de la Bourgogne entre M\u00e2con et Lyon, vous accueille pour tous vos \u00e9v\u00e9nements.<\/p>\n","protected":false},"author":1,"featured_media":0,"parent":0,"menu_order":0,"comment_status":"closed","ping_status":"closed","template":"","meta":[],"featured_image_src":"","featured_image_src_square":false,"rbea_author_info":{"display_name":"admin","author_link":"https:\/\/www.la-javerniere.fr\/index.php\/author\/admin\/"},"rbea_excerpt_info":"\u00c0 Villi\u00e9-Morgon, un des grands crus du Beaujolais, le Domaine Morgon la Javerni\u00e8re, demeure du 18e si\u00e8cle, id\u00e9alement situ\u00e9e au sud de la Bourgogne entre M\u00e2con et Lyon, vous accueille pour tous vos \u00e9v\u00e9nements.","_links":{"self":[{"href":"https:\/\/www.la-javerniere.fr\/index.php\/wp-json\/wp\/v2\/pages\/292"}],"collection":[{"href":"https:\/\/www.la-javerniere.fr\/index.php\/wp-json\/wp\/v2\/pages"}],"about":[{"href":"https:\/\/www.la-javerniere.fr\/index.php\/wp-json\/wp\/v2\/types\/page"}],"author":[{"embeddable":true,"href":"https:\/\/www.la-javerniere.fr\/index.php\/wp-json\/wp\/v2\/users\/1"}],"replies":[{"embeddable":true,"href":"https:\/\/www.la-javerniere.fr\/index.php\/wp-json\/wp\/v2\/comments?post=292"}],"version-history":[{"count":1,"href":"https:\/\/www.la-javerniere.fr\/index.php\/wp-json\/wp\/v2\/pages\/292\/revisions"}],"predecessor-version":[{"id":293,"href":"https:\/\/www.la-javerniere.fr\/index.php\/wp-json\/wp\/v2\/pages\/292\/revisions\/293"}],"wp:attachment":[{"href":"https:\/\/www.la-javerniere.fr\/index.php\/wp-json\/wp\/v2\/media?parent=292"}],"curies":[{"name":"wp","href":"https:\/\/api.w.org\/{rel}","templated":true}]}}