{"id":14,"date":"2016-09-19T10:43:22","date_gmt":"2016-09-19T08:43:22","guid":{"rendered":"http:\/\/www.la-javerniere.fr\/?page_id=14"},"modified":"2023-07-28T18:49:09","modified_gmt":"2023-07-28T16:49:09","slug":"votre-celebration","status":"publish","type":"page","link":"https:\/\/www.la-javerniere.fr\/index.php\/votre-celebration\/","title":{"rendered":"Votre c\u00e9l\u00e9bration"},"content":{"rendered":"<p class=\"sous_titre\">Faites partager \u00e0\u00a0vos convives un lieu unique<\/p>\n<div class=\"contenu\">\n<p><strong>Le Domaine Morgon la Javerni\u00e8re, enti\u00e8rement privatis\u00e9<\/strong>, du vendredi 17h au dimanche 17h, est le lieu id\u00e9al pour toutes vos c\u00e9l\u00e9brations (mariage, bapt\u00eame, anniversaire etc.).<\/p>\n<p>Avec leur <strong>panorama exceptionnel<\/strong> sur le vignoble, la vall\u00e9e de la Sa\u00f4ne et le Mont-Blanc, <strong>l&#8217;all\u00e9e des tilleuls<\/strong> et <strong>le jardin du Domaine<\/strong> charmeront vos convives lors de votre<strong> cocktail. <\/strong><strong>Enti\u00e8rement r\u00e9nov\u00e9 en 2016 et 2017<\/strong>, il dispose d&#8217;un <strong>bel espace de r\u00e9ception<\/strong> : un ancien cuvage permettant un diner assis pour <strong>170 personnes<\/strong> et son <strong>caveau pour votre soir\u00e9e dansante.<\/strong><\/p>\n<p>Les deux maisons du Domaine disposent de <strong>14 chambres<\/strong> (\u00e9quip\u00e9es chacune de lit double, salle d&#8217;eau, sanitaire et wifi illlimit\u00e9).<br \/>\nAu coeur du Beaujolais, <strong>rendez-vous en terres de vignes<\/strong> pour un <strong>moment inoubliable.<\/strong><\/p>\n<\/div>\n<div class=\"detail\"><a id=\"plus2\"><\/a>Plus de d\u00e9tails<\/div>\n","protected":false},"excerpt":{"rendered":"<p>Faites partager \u00e0\u00a0vos convives un lieu unique Le Domaine Morgon la Javerni\u00e8re, enti\u00e8rement privatis\u00e9, du vendredi 17h au dimanche 17h, est le lieu id\u00e9al pour toutes vos c\u00e9l\u00e9brations (mariage, bapt\u00eame, anniversaire etc.). Avec leur panorama exceptionnel sur le vignoble, la &hellip;<\/p>\n<p class=\"read-more\"> <a class=\"more-link\" href=\"https:\/\/www.la-javerniere.fr\/index.php\/votre-celebration\/\"> <span class=\"screen-reader-text\">Votre c\u00e9l\u00e9bration<\/span> Read More &raquo;<\/a><\/p>\n","protected":false},"author":1,"featured_media":0,"parent":0,"menu_order":0,"comment_status":"closed","ping_status":"closed","template":"","meta":[],"featured_image_src":"","featured_image_src_square":false,"rbea_author_info":{"display_name":"admin","author_link":"https:\/\/www.la-javerniere.fr\/index.php\/author\/admin\/"},"rbea_excerpt_info":"Faites partager \u00e0\u00a0vos convives un lieu unique Le Domaine Morgon la Javerni\u00e8re, enti\u00e8rement privatis\u00e9, du vendredi 17h au dimanche 17h, est le lieu id\u00e9al pour toutes vos c\u00e9l\u00e9brations (mariage, bapt\u00eame, anniversaire etc.). Avec leur panorama exceptionnel sur le vignoble, la &hellip;<p class=\"read-more\"> <a class=\"more-link\" href=\"https:\/\/www.la-javerniere.fr\/index.php\/votre-celebration\/\"> <span class=\"screen-reader-text\">Votre c\u00e9l\u00e9bration<\/span> Read More &raquo;<\/a><\/p>","_links":{"self":[{"href":"https:\/\/www.la-javerniere.fr\/index.php\/wp-json\/wp\/v2\/pages\/14"}],"collection":[{"href":"https:\/\/www.la-javerniere.fr\/index.php\/wp-json\/wp\/v2\/pages"}],"about":[{"href":"https:\/\/www.la-javerniere.fr\/index.php\/wp-json\/wp\/v2\/types\/page"}],"author":[{"embeddable":true,"href":"https:\/\/www.la-javerniere.fr\/index.php\/wp-json\/wp\/v2\/users\/1"}],"replies":[{"embeddable":true,"href":"https:\/\/www.la-javerniere.fr\/index.php\/wp-json\/wp\/v2\/comments?post=14"}],"version-history":[{"count":34,"href":"https:\/\/www.la-javerniere.fr\/index.php\/wp-json\/wp\/v2\/pages\/14\/revisions"}],"predecessor-version":[{"id":435,"href":"https:\/\/www.la-javerniere.fr\/index.php\/wp-json\/wp\/v2\/pages\/14\/revisions\/435"}],"wp:attachment":[{"href":"https:\/\/www.la-javerniere.fr\/index.php\/wp-json\/wp\/v2\/media?parent=14"}],"curies":[{"name":"wp","href":"https:\/\/api.w.org\/{rel}","templated":true}]}}