{"id":12,"date":"2016-09-19T10:42:50","date_gmt":"2016-09-19T08:42:50","guid":{"rendered":"http:\/\/www.la-javerniere.fr\/?page_id=12"},"modified":"2023-07-28T18:49:09","modified_gmt":"2023-07-28T16:49:09","slug":"votre-seminaire","status":"publish","type":"page","link":"https:\/\/www.la-javerniere.fr\/index.php\/votre-seminaire\/","title":{"rendered":"Votre s\u00e9minaire"},"content":{"rendered":"<p class=\"sous_titre\">Faites b\u00e9n\u00e9ficier \u00e0 vos \u00e9quipes d&#8217;un moment de s\u00e9r\u00e9nit\u00e9<\/p>\n<div class=\"contenu\">\n<p><strong>Le Domaine Morgon la Javerni\u00e8re<\/strong> dispose d&#8217;importants espaces d&#8217;accueil (ext\u00e9rieurs et int\u00e9rieurs) permettant <strong>l&#8217;organisation sur mesure<\/strong> de toutes vos r\u00e9unions (assembl\u00e9es g\u00e9n\u00e9rales, comit\u00e9s de direction, lancements de produits, team building, etc.), de <strong>15 \u00e0 170 personnes.<\/strong><\/p>\n<p><strong>Enti\u00e8rement r\u00e9nov\u00e9es en 2016 et 2017<\/strong>, les deux maisons du Domaine disposent de <strong>14 chambres<\/strong> (\u00e9quip\u00e9es chacune de lit double, salle d&#8217;eau, sanitaire et wifi illlimit\u00e9).<\/p>\n<p>Des prestataires de qualit\u00e9, s\u00e9lectionn\u00e9s par nos soins, vous proposent <strong>des animations en marge de vos r\u00e9unions<\/strong> : cours de cuisine, d\u00e9gustation de vins, visite de vignobles et de caves, etc.<\/p>\n<p><strong>Le Domaine est int\u00e9gralement privatis\u00e9 pour votre \u00e9v\u00e9nement.<\/strong><\/p>\n<p>L\u2019\u00e9t\u00e9, vous pourrez profiter du<strong> bassin de nage de 18 m\u00e8tres de long.<\/strong><\/p>\n<p>Au coeur du Beaujolais, <strong>rendez-vous en terres de vignes<\/strong> pour une \u00e9tape <strong>gastronomique et Oenologique<\/strong> avec vos \u00e9quipes.<\/p>\n<p><a href=\"https:\/\/la-javerniere.fr\/flipbook\/la-javerniere\/magazine\/\" target=\"_blank\" rel=\"noopener noreferrer\">Consultez notre plaquette de pr\u00e9sentation<\/a><\/p>\n<\/div>\n<div class=\"detail\"><a id=\"plus1\"><\/a><a href=\"https:\/\/la-javerniere.fr\/flipbook\/la-javerniere\/magazine\/\" target=\"_blank\" rel=\"noopener noreferrer\">Plus de d\u00e9tails<\/a><\/div>\n","protected":false},"excerpt":{"rendered":"<p>Faites b\u00e9n\u00e9ficier \u00e0 vos \u00e9quipes d&#8217;un moment de s\u00e9r\u00e9nit\u00e9 Le Domaine Morgon la Javerni\u00e8re dispose d&#8217;importants espaces d&#8217;accueil (ext\u00e9rieurs et int\u00e9rieurs) permettant l&#8217;organisation sur mesure de toutes vos r\u00e9unions (assembl\u00e9es g\u00e9n\u00e9rales, comit\u00e9s de direction, lancements de produits, team building, etc.), &hellip;<\/p>\n<p class=\"read-more\"> <a class=\"more-link\" href=\"https:\/\/www.la-javerniere.fr\/index.php\/votre-seminaire\/\"> <span class=\"screen-reader-text\">Votre s\u00e9minaire<\/span> Read More &raquo;<\/a><\/p>\n","protected":false},"author":1,"featured_media":0,"parent":0,"menu_order":0,"comment_status":"closed","ping_status":"closed","template":"","meta":[],"featured_image_src":"","featured_image_src_square":false,"rbea_author_info":{"display_name":"admin","author_link":"https:\/\/www.la-javerniere.fr\/index.php\/author\/admin\/"},"rbea_excerpt_info":"Faites b\u00e9n\u00e9ficier \u00e0 vos \u00e9quipes d&#8217;un moment de s\u00e9r\u00e9nit\u00e9 Le Domaine Morgon la Javerni\u00e8re dispose d&#8217;importants espaces d&#8217;accueil (ext\u00e9rieurs et int\u00e9rieurs) permettant l&#8217;organisation sur mesure de toutes vos r\u00e9unions (assembl\u00e9es g\u00e9n\u00e9rales, comit\u00e9s de direction, lancements de produits, team building, etc.), &hellip;<p class=\"read-more\"> <a class=\"more-link\" href=\"https:\/\/www.la-javerniere.fr\/index.php\/votre-seminaire\/\"> <span class=\"screen-reader-text\">Votre s\u00e9minaire<\/span> Read More &raquo;<\/a><\/p>","_links":{"self":[{"href":"https:\/\/www.la-javerniere.fr\/index.php\/wp-json\/wp\/v2\/pages\/12"}],"collection":[{"href":"https:\/\/www.la-javerniere.fr\/index.php\/wp-json\/wp\/v2\/pages"}],"about":[{"href":"https:\/\/www.la-javerniere.fr\/index.php\/wp-json\/wp\/v2\/types\/page"}],"author":[{"embeddable":true,"href":"https:\/\/www.la-javerniere.fr\/index.php\/wp-json\/wp\/v2\/users\/1"}],"replies":[{"embeddable":true,"href":"https:\/\/www.la-javerniere.fr\/index.php\/wp-json\/wp\/v2\/comments?post=12"}],"version-history":[{"count":23,"href":"https:\/\/www.la-javerniere.fr\/index.php\/wp-json\/wp\/v2\/pages\/12\/revisions"}],"predecessor-version":[{"id":432,"href":"https:\/\/www.la-javerniere.fr\/index.php\/wp-json\/wp\/v2\/pages\/12\/revisions\/432"}],"wp:attachment":[{"href":"https:\/\/www.la-javerniere.fr\/index.php\/wp-json\/wp\/v2\/media?parent=12"}],"curies":[{"name":"wp","href":"https:\/\/api.w.org\/{rel}","templated":true}]}}